{"id":20,"date":"2023-10-09T10:43:25","date_gmt":"2023-10-09T10:43:25","guid":{"rendered":"https:\/\/dzajicgroup.com\/?page_id=20"},"modified":"2023-11-27T11:09:12","modified_gmt":"2023-11-27T10:09:12","slug":"home","status":"publish","type":"page","link":"https:\/\/dzajicgroup.com\/en\/","title":{"rendered":"Home"},"content":{"rendered":"<div data-elementor-type=\"wp-page\" data-elementor-id=\"20\" class=\"elementor elementor-20\">\n\t\t\t\t<div class=\"elementor-element elementor-element-bdd3111 e-flex e-con-boxed e-con e-parent\" data-id=\"bdd3111\" data-element_type=\"container\" data-e-type=\"container\" id=\"pocetna\" data-settings=\"{&quot;background_background&quot;:&quot;classic&quot;}\">\n\t\t\t\t\t<div class=\"e-con-inner\">\n\t\t\t\t<div class=\"elementor-element elementor-element-3ed3ac8 elementor-widget elementor-widget-heading\" data-id=\"3ed3ac8\" data-element_type=\"widget\" data-e-type=\"widget\" data-widget_type=\"heading.default\">\n\t\t\t\t<div class=\"elementor-widget-container\">\n\t\t\t\t\t<h1 class=\"elementor-heading-title elementor-size-default\">CNC metal machining<\/h1>\t\t\t\t<\/div>\n\t\t\t\t<\/div>\n\t\t\t\t\t<\/div>\n\t\t\t\t<\/div>\n\t\t<div class=\"elementor-element elementor-element-00a9b48 e-flex e-con-boxed e-con e-parent\" data-id=\"00a9b48\" data-element_type=\"container\" data-e-type=\"container\" id=\"onama\">\n\t\t\t\t\t<div class=\"e-con-inner\">\n\t\t\t\t<div class=\"elementor-element elementor-element-86d1038 elementor-widget elementor-widget-heading\" data-id=\"86d1038\" data-element_type=\"widget\" data-e-type=\"widget\" data-widget_type=\"heading.default\">\n\t\t\t\t<div class=\"elementor-widget-container\">\n\t\t\t\t\t<h2 class=\"elementor-heading-title elementor-size-default\">About us<\/h2>\t\t\t\t<\/div>\n\t\t\t\t<\/div>\n\t\t\t\t\t<\/div>\n\t\t\t\t<\/div>\n\t\t<div class=\"elementor-element elementor-element-83118f4 e-flex e-con-boxed e-con e-parent\" data-id=\"83118f4\" data-element_type=\"container\" data-e-type=\"container\">\n\t\t\t\t\t<div class=\"e-con-inner\">\n\t\t\t\t<div class=\"elementor-element elementor-element-08e54fe elementor-widget__width-initial elementor-widget elementor-widget-text-editor\" data-id=\"08e54fe\" data-element_type=\"widget\" data-e-type=\"widget\" data-widget_type=\"text-editor.default\">\n\t\t\t\t<div class=\"elementor-widget-container\">\n\t\t\t\t\t\t\t\t\t<p>Company Dzajic Group deals with metal machining and machining other materials by milling and turning. At the moment, we have 3 milling machines, of which is one triaxial machine and the other two are four-axis machines, and one turning center. Besides that, we do sandblasting, as well as transport of goods to customer's address.<\/p><p>Team of company consists of experienced employees with at least 5 years of work experience.<\/p>\t\t\t\t\t\t\t\t<\/div>\n\t\t\t\t<\/div>\n\t\t\t\t\t<\/div>\n\t\t\t\t<\/div>\n\t\t<div class=\"elementor-element elementor-element-23c0503 e-flex e-con-boxed e-con e-parent\" data-id=\"23c0503\" data-element_type=\"container\" data-e-type=\"container\" id=\"galerija\">\n\t\t\t\t\t<div class=\"e-con-inner\">\n\t\t\t\t<div class=\"elementor-element elementor-element-fa871f1 elementor-widget elementor-widget-heading\" data-id=\"fa871f1\" data-element_type=\"widget\" data-e-type=\"widget\" data-widget_type=\"heading.default\">\n\t\t\t\t<div class=\"elementor-widget-container\">\n\t\t\t\t\t<h2 class=\"elementor-heading-title elementor-size-default\">Gallery<\/h2>\t\t\t\t<\/div>\n\t\t\t\t<\/div>\n\t\t\t\t\t<\/div>\n\t\t\t\t<\/div>\n\t\t<div class=\"elementor-element elementor-element-afb3f0e e-flex e-con-boxed e-con e-parent\" data-id=\"afb3f0e\" data-element_type=\"container\" data-e-type=\"container\">\n\t\t\t\t\t<div class=\"e-con-inner\">\n\t\t\t\t<div class=\"elementor-element elementor-element-8d27eb3 elementor-widget elementor-widget-image\" data-id=\"8d27eb3\" data-element_type=\"widget\" data-e-type=\"widget\" data-widget_type=\"image.default\">\n\t\t\t\t<div class=\"elementor-widget-container\">\n\t\t\t\t\t\t\t\t\t\t\t\t\t\t\t<img fetchpriority=\"high\" decoding=\"async\" width=\"1024\" height=\"576\" src=\"https:\/\/dzajicgroup.com\/wp-content\/uploads\/2023\/11\/4-1024x576.jpg\" class=\"attachment-large size-large wp-image-259\" alt=\"\" srcset=\"https:\/\/dzajicgroup.com\/wp-content\/uploads\/2023\/11\/4-1024x576.jpg 1024w, https:\/\/dzajicgroup.com\/wp-content\/uploads\/2023\/11\/4-300x169.jpg 300w, https:\/\/dzajicgroup.com\/wp-content\/uploads\/2023\/11\/4-768x432.jpg 768w, https:\/\/dzajicgroup.com\/wp-content\/uploads\/2023\/11\/4-1536x864.jpg 1536w, https:\/\/dzajicgroup.com\/wp-content\/uploads\/2023\/11\/4.jpg 1600w\" sizes=\"(max-width: 1024px) 100vw, 1024px\" \/>\t\t\t\t\t\t\t\t\t\t\t\t\t\t\t<\/div>\n\t\t\t\t<\/div>\n\t\t\t\t\t<\/div>\n\t\t\t\t<\/div>\n\t\t<div class=\"elementor-element elementor-element-47fdf55 e-flex e-con-boxed e-con e-parent\" data-id=\"47fdf55\" data-element_type=\"container\" data-e-type=\"container\">\n\t\t\t\t\t<div class=\"e-con-inner\">\n\t\t\t\t<div class=\"elementor-element elementor-element-49f0ea5 elementor-widget elementor-widget-image\" data-id=\"49f0ea5\" data-element_type=\"widget\" data-e-type=\"widget\" data-widget_type=\"image.default\">\n\t\t\t\t<div class=\"elementor-widget-container\">\n\t\t\t\t\t\t\t\t\t\t\t\t\t\t\t<img decoding=\"async\" width=\"1024\" height=\"576\" src=\"https:\/\/dzajicgroup.com\/wp-content\/uploads\/2023\/11\/1-1024x576.jpg\" class=\"attachment-large size-large wp-image-256\" alt=\"\" srcset=\"https:\/\/dzajicgroup.com\/wp-content\/uploads\/2023\/11\/1-1024x576.jpg 1024w, https:\/\/dzajicgroup.com\/wp-content\/uploads\/2023\/11\/1-300x169.jpg 300w, https:\/\/dzajicgroup.com\/wp-content\/uploads\/2023\/11\/1-768x432.jpg 768w, https:\/\/dzajicgroup.com\/wp-content\/uploads\/2023\/11\/1-1536x864.jpg 1536w, https:\/\/dzajicgroup.com\/wp-content\/uploads\/2023\/11\/1.jpg 1600w\" sizes=\"(max-width: 1024px) 100vw, 1024px\" \/>\t\t\t\t\t\t\t\t\t\t\t\t\t\t\t<\/div>\n\t\t\t\t<\/div>\n\t\t\t\t\t<\/div>\n\t\t\t\t<\/div>\n\t\t<div class=\"elementor-element elementor-element-67020d7 e-flex e-con-boxed e-con e-parent\" data-id=\"67020d7\" data-element_type=\"container\" data-e-type=\"container\">\n\t\t\t\t\t<div class=\"e-con-inner\">\n\t\t\t\t<div class=\"elementor-element elementor-element-a3a9492 elementor-widget elementor-widget-image\" data-id=\"a3a9492\" data-element_type=\"widget\" data-e-type=\"widget\" data-widget_type=\"image.default\">\n\t\t\t\t<div class=\"elementor-widget-container\">\n\t\t\t\t\t\t\t\t\t\t\t\t\t\t\t<img decoding=\"async\" width=\"1024\" height=\"576\" src=\"https:\/\/dzajicgroup.com\/wp-content\/uploads\/2023\/11\/2-1024x576.jpg\" class=\"attachment-large size-large wp-image-257\" alt=\"\" srcset=\"https:\/\/dzajicgroup.com\/wp-content\/uploads\/2023\/11\/2-1024x576.jpg 1024w, https:\/\/dzajicgroup.com\/wp-content\/uploads\/2023\/11\/2-300x169.jpg 300w, https:\/\/dzajicgroup.com\/wp-content\/uploads\/2023\/11\/2-768x432.jpg 768w, https:\/\/dzajicgroup.com\/wp-content\/uploads\/2023\/11\/2-1536x864.jpg 1536w, https:\/\/dzajicgroup.com\/wp-content\/uploads\/2023\/11\/2.jpg 1600w\" sizes=\"(max-width: 1024px) 100vw, 1024px\" \/>\t\t\t\t\t\t\t\t\t\t\t\t\t\t\t<\/div>\n\t\t\t\t<\/div>\n\t\t\t\t\t<\/div>\n\t\t\t\t<\/div>\n\t\t<div class=\"elementor-element elementor-element-e31c9cf e-flex e-con-boxed e-con e-parent\" data-id=\"e31c9cf\" data-element_type=\"container\" data-e-type=\"container\">\n\t\t\t\t\t<div class=\"e-con-inner\">\n\t\t\t\t<div class=\"elementor-element elementor-element-ac34dff elementor-widget elementor-widget-image\" data-id=\"ac34dff\" data-element_type=\"widget\" data-e-type=\"widget\" data-widget_type=\"image.default\">\n\t\t\t\t<div class=\"elementor-widget-container\">\n\t\t\t\t\t\t\t\t\t\t\t\t\t\t\t<img loading=\"lazy\" decoding=\"async\" width=\"1024\" height=\"576\" src=\"https:\/\/dzajicgroup.com\/wp-content\/uploads\/2023\/11\/3-1024x576.jpg\" class=\"attachment-large size-large wp-image-258\" alt=\"\" srcset=\"https:\/\/dzajicgroup.com\/wp-content\/uploads\/2023\/11\/3-1024x576.jpg 1024w, https:\/\/dzajicgroup.com\/wp-content\/uploads\/2023\/11\/3-300x169.jpg 300w, https:\/\/dzajicgroup.com\/wp-content\/uploads\/2023\/11\/3-768x432.jpg 768w, https:\/\/dzajicgroup.com\/wp-content\/uploads\/2023\/11\/3-1536x864.jpg 1536w, https:\/\/dzajicgroup.com\/wp-content\/uploads\/2023\/11\/3.jpg 1600w\" sizes=\"(max-width: 1024px) 100vw, 1024px\" \/>\t\t\t\t\t\t\t\t\t\t\t\t\t\t\t<\/div>\n\t\t\t\t<\/div>\n\t\t\t\t\t<\/div>\n\t\t\t\t<\/div>\n\t\t<div class=\"elementor-element elementor-element-1fbfac7 e-flex e-con-boxed e-con e-parent\" data-id=\"1fbfac7\" data-element_type=\"container\" data-e-type=\"container\">\n\t\t\t\t\t<div class=\"e-con-inner\">\n\t\t\t\t<div class=\"elementor-element elementor-element-d1f3630 elementor-widget elementor-widget-image\" data-id=\"d1f3630\" data-element_type=\"widget\" data-e-type=\"widget\" data-widget_type=\"image.default\">\n\t\t\t\t<div class=\"elementor-widget-container\">\n\t\t\t\t\t\t\t\t\t\t\t\t\t\t\t<img loading=\"lazy\" decoding=\"async\" width=\"1024\" height=\"894\" src=\"https:\/\/dzajicgroup.com\/wp-content\/uploads\/2023\/11\/5-1024x894.jpg\" class=\"attachment-large size-large wp-image-260\" alt=\"\" srcset=\"https:\/\/dzajicgroup.com\/wp-content\/uploads\/2023\/11\/5-1024x894.jpg 1024w, https:\/\/dzajicgroup.com\/wp-content\/uploads\/2023\/11\/5-300x262.jpg 300w, https:\/\/dzajicgroup.com\/wp-content\/uploads\/2023\/11\/5-768x671.jpg 768w, https:\/\/dzajicgroup.com\/wp-content\/uploads\/2023\/11\/5.jpg 1526w\" sizes=\"(max-width: 1024px) 100vw, 1024px\" \/>\t\t\t\t\t\t\t\t\t\t\t\t\t\t\t<\/div>\n\t\t\t\t<\/div>\n\t\t\t\t\t<\/div>\n\t\t\t\t<\/div>\n\t\t<div class=\"elementor-element elementor-element-26fed0d e-flex e-con-boxed e-con e-parent\" data-id=\"26fed0d\" data-element_type=\"container\" data-e-type=\"container\">\n\t\t\t\t\t<div class=\"e-con-inner\">\n\t\t\t\t<div class=\"elementor-element elementor-element-e80a6b5 elementor-widget elementor-widget-image\" data-id=\"e80a6b5\" data-element_type=\"widget\" data-e-type=\"widget\" data-widget_type=\"image.default\">\n\t\t\t\t<div class=\"elementor-widget-container\">\n\t\t\t\t\t\t\t\t\t\t\t\t\t\t\t<img loading=\"lazy\" decoding=\"async\" width=\"1024\" height=\"774\" src=\"https:\/\/dzajicgroup.com\/wp-content\/uploads\/2023\/11\/6-1024x774.jpg\" class=\"attachment-large size-large wp-image-261\" alt=\"\" srcset=\"https:\/\/dzajicgroup.com\/wp-content\/uploads\/2023\/11\/6-1024x774.jpg 1024w, https:\/\/dzajicgroup.com\/wp-content\/uploads\/2023\/11\/6-300x227.jpg 300w, https:\/\/dzajicgroup.com\/wp-content\/uploads\/2023\/11\/6-768x581.jpg 768w, https:\/\/dzajicgroup.com\/wp-content\/uploads\/2023\/11\/6-1536x1162.jpg 1536w, https:\/\/dzajicgroup.com\/wp-content\/uploads\/2023\/11\/6.jpg 1600w\" sizes=\"(max-width: 1024px) 100vw, 1024px\" \/>\t\t\t\t\t\t\t\t\t\t\t\t\t\t\t<\/div>\n\t\t\t\t<\/div>\n\t\t\t\t\t<\/div>\n\t\t\t\t<\/div>\n\t\t<div class=\"elementor-element elementor-element-af7e3c1 e-flex e-con-boxed e-con e-parent\" data-id=\"af7e3c1\" data-element_type=\"container\" data-e-type=\"container\">\n\t\t\t\t\t<div class=\"e-con-inner\">\n\t\t\t\t<div class=\"elementor-element elementor-element-c4b9045 elementor-widget elementor-widget-image\" data-id=\"c4b9045\" data-element_type=\"widget\" data-e-type=\"widget\" data-widget_type=\"image.default\">\n\t\t\t\t<div class=\"elementor-widget-container\">\n\t\t\t\t\t\t\t\t\t\t\t\t\t\t\t<img loading=\"lazy\" decoding=\"async\" width=\"1024\" height=\"428\" src=\"https:\/\/dzajicgroup.com\/wp-content\/uploads\/2023\/11\/7-1024x428.jpg\" class=\"attachment-large size-large wp-image-262\" alt=\"\" srcset=\"https:\/\/dzajicgroup.com\/wp-content\/uploads\/2023\/11\/7-1024x428.jpg 1024w, https:\/\/dzajicgroup.com\/wp-content\/uploads\/2023\/11\/7-300x125.jpg 300w, https:\/\/dzajicgroup.com\/wp-content\/uploads\/2023\/11\/7-768x321.jpg 768w, https:\/\/dzajicgroup.com\/wp-content\/uploads\/2023\/11\/7-1536x642.jpg 1536w, https:\/\/dzajicgroup.com\/wp-content\/uploads\/2023\/11\/7.jpg 1564w\" sizes=\"(max-width: 1024px) 100vw, 1024px\" \/>\t\t\t\t\t\t\t\t\t\t\t\t\t\t\t<\/div>\n\t\t\t\t<\/div>\n\t\t\t\t\t<\/div>\n\t\t\t\t<\/div>\n\t\t<div class=\"elementor-element elementor-element-dfb0779 e-flex e-con-boxed e-con e-parent\" data-id=\"dfb0779\" data-element_type=\"container\" data-e-type=\"container\">\n\t\t\t\t\t<div class=\"e-con-inner\">\n\t\t\t\t<div class=\"elementor-element elementor-element-c553cf6 elementor-widget elementor-widget-image\" data-id=\"c553cf6\" data-element_type=\"widget\" data-e-type=\"widget\" data-widget_type=\"image.default\">\n\t\t\t\t<div class=\"elementor-widget-container\">\n\t\t\t\t\t\t\t\t\t\t\t\t\t\t\t<img loading=\"lazy\" decoding=\"async\" width=\"1024\" height=\"529\" src=\"https:\/\/dzajicgroup.com\/wp-content\/uploads\/2023\/11\/8-1024x529.jpg\" class=\"attachment-large size-large wp-image-263\" alt=\"\" srcset=\"https:\/\/dzajicgroup.com\/wp-content\/uploads\/2023\/11\/8-1024x529.jpg 1024w, https:\/\/dzajicgroup.com\/wp-content\/uploads\/2023\/11\/8-300x155.jpg 300w, https:\/\/dzajicgroup.com\/wp-content\/uploads\/2023\/11\/8-768x397.jpg 768w, https:\/\/dzajicgroup.com\/wp-content\/uploads\/2023\/11\/8.jpg 1290w\" sizes=\"(max-width: 1024px) 100vw, 1024px\" \/>\t\t\t\t\t\t\t\t\t\t\t\t\t\t\t<\/div>\n\t\t\t\t<\/div>\n\t\t\t\t\t<\/div>\n\t\t\t\t<\/div>\n\t\t<div class=\"elementor-element elementor-element-7c3aa63 e-flex e-con-boxed e-con e-parent\" data-id=\"7c3aa63\" data-element_type=\"container\" data-e-type=\"container\">\n\t\t\t\t\t<div class=\"e-con-inner\">\n\t\t\t\t<div class=\"elementor-element elementor-element-586d5f8 elementor-widget elementor-widget-image\" data-id=\"586d5f8\" data-element_type=\"widget\" data-e-type=\"widget\" data-widget_type=\"image.default\">\n\t\t\t\t<div class=\"elementor-widget-container\">\n\t\t\t\t\t\t\t\t\t\t\t\t\t\t\t<img loading=\"lazy\" decoding=\"async\" width=\"961\" height=\"1024\" src=\"https:\/\/dzajicgroup.com\/wp-content\/uploads\/2023\/11\/9-961x1024.jpg\" class=\"attachment-large size-large wp-image-264\" alt=\"\" srcset=\"https:\/\/dzajicgroup.com\/wp-content\/uploads\/2023\/11\/9-961x1024.jpg 961w, https:\/\/dzajicgroup.com\/wp-content\/uploads\/2023\/11\/9-282x300.jpg 282w, https:\/\/dzajicgroup.com\/wp-content\/uploads\/2023\/11\/9-768x818.jpg 768w, https:\/\/dzajicgroup.com\/wp-content\/uploads\/2023\/11\/9-1442x1536.jpg 1442w, https:\/\/dzajicgroup.com\/wp-content\/uploads\/2023\/11\/9.jpg 1501w\" sizes=\"(max-width: 961px) 100vw, 961px\" \/>\t\t\t\t\t\t\t\t\t\t\t\t\t\t\t<\/div>\n\t\t\t\t<\/div>\n\t\t\t\t\t<\/div>\n\t\t\t\t<\/div>\n\t\t<div class=\"elementor-element elementor-element-0614e7b e-flex e-con-boxed e-con e-parent\" data-id=\"0614e7b\" data-element_type=\"container\" data-e-type=\"container\">\n\t\t\t\t\t<div class=\"e-con-inner\">\n\t\t\t\t<div class=\"elementor-element elementor-element-cfeaa24 elementor-widget elementor-widget-image\" data-id=\"cfeaa24\" data-element_type=\"widget\" data-e-type=\"widget\" data-widget_type=\"image.default\">\n\t\t\t\t<div class=\"elementor-widget-container\">\n\t\t\t\t\t\t\t\t\t\t\t\t\t\t\t<img loading=\"lazy\" decoding=\"async\" width=\"1024\" height=\"472\" src=\"https:\/\/dzajicgroup.com\/wp-content\/uploads\/2023\/11\/10-1024x472.jpg\" class=\"attachment-large size-large wp-image-265\" alt=\"\" srcset=\"https:\/\/dzajicgroup.com\/wp-content\/uploads\/2023\/11\/10-1024x472.jpg 1024w, https:\/\/dzajicgroup.com\/wp-content\/uploads\/2023\/11\/10-300x138.jpg 300w, https:\/\/dzajicgroup.com\/wp-content\/uploads\/2023\/11\/10-768x354.jpg 768w, https:\/\/dzajicgroup.com\/wp-content\/uploads\/2023\/11\/10-1536x708.jpg 1536w, https:\/\/dzajicgroup.com\/wp-content\/uploads\/2023\/11\/10.jpg 1600w\" sizes=\"(max-width: 1024px) 100vw, 1024px\" \/>\t\t\t\t\t\t\t\t\t\t\t\t\t\t\t<\/div>\n\t\t\t\t<\/div>\n\t\t\t\t\t<\/div>\n\t\t\t\t<\/div>\n\t\t<div class=\"elementor-element elementor-element-fa6fa1f e-flex e-con-boxed e-con e-parent\" data-id=\"fa6fa1f\" data-element_type=\"container\" data-e-type=\"container\">\n\t\t\t\t\t<div class=\"e-con-inner\">\n\t\t\t\t<div class=\"elementor-element elementor-element-ea6ed69 elementor-widget elementor-widget-image\" data-id=\"ea6ed69\" data-element_type=\"widget\" data-e-type=\"widget\" data-widget_type=\"image.default\">\n\t\t\t\t<div class=\"elementor-widget-container\">\n\t\t\t\t\t\t\t\t\t\t\t\t\t\t\t<img loading=\"lazy\" decoding=\"async\" width=\"954\" height=\"1024\" src=\"https:\/\/dzajicgroup.com\/wp-content\/uploads\/2023\/11\/11-954x1024.jpg\" class=\"attachment-large size-large wp-image-266\" alt=\"\" srcset=\"https:\/\/dzajicgroup.com\/wp-content\/uploads\/2023\/11\/11-954x1024.jpg 954w, https:\/\/dzajicgroup.com\/wp-content\/uploads\/2023\/11\/11-279x300.jpg 279w, https:\/\/dzajicgroup.com\/wp-content\/uploads\/2023\/11\/11-768x825.jpg 768w, https:\/\/dzajicgroup.com\/wp-content\/uploads\/2023\/11\/11-1430x1536.jpg 1430w, https:\/\/dzajicgroup.com\/wp-content\/uploads\/2023\/11\/11.jpg 1490w\" sizes=\"(max-width: 954px) 100vw, 954px\" \/>\t\t\t\t\t\t\t\t\t\t\t\t\t\t\t<\/div>\n\t\t\t\t<\/div>\n\t\t\t\t\t<\/div>\n\t\t\t\t<\/div>\n\t\t<div class=\"elementor-element elementor-element-2402b40 e-flex e-con-boxed e-con e-parent\" data-id=\"2402b40\" data-element_type=\"container\" data-e-type=\"container\">\n\t\t\t\t\t<div class=\"e-con-inner\">\n\t\t\t\t<div class=\"elementor-element elementor-element-0ff5b82 elementor-widget elementor-widget-image\" data-id=\"0ff5b82\" data-element_type=\"widget\" data-e-type=\"widget\" data-widget_type=\"image.default\">\n\t\t\t\t<div class=\"elementor-widget-container\">\n\t\t\t\t\t\t\t\t\t\t\t\t\t\t\t<img loading=\"lazy\" decoding=\"async\" width=\"967\" height=\"1024\" src=\"https:\/\/dzajicgroup.com\/wp-content\/uploads\/2023\/11\/12-967x1024.jpg\" class=\"attachment-large size-large wp-image-267\" alt=\"\" srcset=\"https:\/\/dzajicgroup.com\/wp-content\/uploads\/2023\/11\/12-967x1024.jpg 967w, https:\/\/dzajicgroup.com\/wp-content\/uploads\/2023\/11\/12-283x300.jpg 283w, https:\/\/dzajicgroup.com\/wp-content\/uploads\/2023\/11\/12-768x814.jpg 768w, https:\/\/dzajicgroup.com\/wp-content\/uploads\/2023\/11\/12.jpg 1262w\" sizes=\"(max-width: 967px) 100vw, 967px\" \/>\t\t\t\t\t\t\t\t\t\t\t\t\t\t\t<\/div>\n\t\t\t\t<\/div>\n\t\t\t\t\t<\/div>\n\t\t\t\t<\/div>\n\t\t<div class=\"elementor-element elementor-element-a280724 e-flex e-con-boxed e-con e-parent\" data-id=\"a280724\" data-element_type=\"container\" data-e-type=\"container\">\n\t\t\t\t\t<div class=\"e-con-inner\">\n\t\t\t\t<div class=\"elementor-element elementor-element-2bf46cc elementor-widget elementor-widget-image\" data-id=\"2bf46cc\" data-element_type=\"widget\" data-e-type=\"widget\" data-widget_type=\"image.default\">\n\t\t\t\t<div class=\"elementor-widget-container\">\n\t\t\t\t\t\t\t\t\t\t\t\t\t\t\t<img loading=\"lazy\" decoding=\"async\" width=\"1024\" height=\"189\" src=\"https:\/\/dzajicgroup.com\/wp-content\/uploads\/2023\/11\/13-1024x189.jpg\" class=\"attachment-large size-large wp-image-268\" alt=\"\" srcset=\"https:\/\/dzajicgroup.com\/wp-content\/uploads\/2023\/11\/13-1024x189.jpg 1024w, https:\/\/dzajicgroup.com\/wp-content\/uploads\/2023\/11\/13-300x55.jpg 300w, https:\/\/dzajicgroup.com\/wp-content\/uploads\/2023\/11\/13-768x142.jpg 768w, https:\/\/dzajicgroup.com\/wp-content\/uploads\/2023\/11\/13-1536x283.jpg 1536w, https:\/\/dzajicgroup.com\/wp-content\/uploads\/2023\/11\/13.jpg 1600w\" sizes=\"(max-width: 1024px) 100vw, 1024px\" \/>\t\t\t\t\t\t\t\t\t\t\t\t\t\t\t<\/div>\n\t\t\t\t<\/div>\n\t\t\t\t\t<\/div>\n\t\t\t\t<\/div>\n\t\t\t\t<\/div>","protected":false},"excerpt":{"rendered":"<p>CNC obrada metala O nama Preduze\u0107e Dzajic Group bavi se obradom metala i drugih materijala obradom glodanja i tokarenja. Trenutno posjedujemo 3 glodalice od kojih je jedna troosna glodalica i dvije s dodatkom \u010detvrte ose, i jedan tokarski obradni centar. Pored navedenog vr\u0161imo i usluge pjeskarenja, kao i transport robe na adresu kupca. Tim preduze\u0107a [&hellip;]<\/p>\n","protected":false},"author":1,"featured_media":0,"parent":0,"menu_order":0,"comment_status":"closed","ping_status":"closed","template":"","meta":{"site-sidebar-layout":"no-sidebar","site-content-layout":"","ast-site-content-layout":"full-width-container","site-content-style":"default","site-sidebar-style":"default","ast-global-header-display":"","ast-banner-title-visibility":"","ast-main-header-display":"","ast-hfb-above-header-display":"","ast-hfb-below-header-display":"","ast-hfb-mobile-header-display":"","site-post-title":"disabled","ast-breadcrumbs-content":"","ast-featured-img":"disabled","footer-sml-layout":"disabled","ast-disable-related-posts":"","theme-transparent-header-meta":"","adv-header-id-meta":"","stick-header-meta":"","header-above-stick-meta":"","header-main-stick-meta":"","header-below-stick-meta":"","astra-migrate-meta-layouts":"","ast-page-background-enabled":"default","ast-page-background-meta":{"desktop":{"background-color":"var(--ast-global-color-4)","background-image":"","background-repeat":"repeat","background-position":"center center","background-size":"auto","background-attachment":"scroll","background-type":"","background-media":"","overlay-type":"","overlay-color":"","overlay-opacity":"","overlay-gradient":""},"tablet":{"background-color":"","background-image":"","background-repeat":"repeat","background-position":"center center","background-size":"auto","background-attachment":"scroll","background-type":"","background-media":"","overlay-type":"","overlay-color":"","overlay-opacity":"","overlay-gradient":""},"mobile":{"background-color":"","background-image":"","background-repeat":"repeat","background-position":"center center","background-size":"auto","background-attachment":"scroll","background-type":"","background-media":"","overlay-type":"","overlay-color":"","overlay-opacity":"","overlay-gradient":""}},"ast-content-background-meta":{"desktop":{"background-color":"var(--ast-global-color-5)","background-image":"","background-repeat":"repeat","background-position":"center center","background-size":"auto","background-attachment":"scroll","background-type":"","background-media":"","overlay-type":"","overlay-color":"","overlay-opacity":"","overlay-gradient":""},"tablet":{"background-color":"var(--ast-global-color-5)","background-image":"","background-repeat":"repeat","background-position":"center center","background-size":"auto","background-attachment":"scroll","background-type":"","background-media":"","overlay-type":"","overlay-color":"","overlay-opacity":"","overlay-gradient":""},"mobile":{"background-color":"var(--ast-global-color-5)","background-image":"","background-repeat":"repeat","background-position":"center center","background-size":"auto","background-attachment":"scroll","background-type":"","background-media":"","overlay-type":"","overlay-color":"","overlay-opacity":"","overlay-gradient":""}},"footnotes":""},"class_list":["post-20","page","type-page","status-publish","hentry"],"_links":{"self":[{"href":"https:\/\/dzajicgroup.com\/en\/wp-json\/wp\/v2\/pages\/20","targetHints":{"allow":["GET"]}}],"collection":[{"href":"https:\/\/dzajicgroup.com\/en\/wp-json\/wp\/v2\/pages"}],"about":[{"href":"https:\/\/dzajicgroup.com\/en\/wp-json\/wp\/v2\/types\/page"}],"author":[{"embeddable":true,"href":"https:\/\/dzajicgroup.com\/en\/wp-json\/wp\/v2\/users\/1"}],"replies":[{"embeddable":true,"href":"https:\/\/dzajicgroup.com\/en\/wp-json\/wp\/v2\/comments?post=20"}],"version-history":[{"count":102,"href":"https:\/\/dzajicgroup.com\/en\/wp-json\/wp\/v2\/pages\/20\/revisions"}],"predecessor-version":[{"id":288,"href":"https:\/\/dzajicgroup.com\/en\/wp-json\/wp\/v2\/pages\/20\/revisions\/288"}],"wp:attachment":[{"href":"https:\/\/dzajicgroup.com\/en\/wp-json\/wp\/v2\/media?parent=20"}],"curies":[{"name":"wp","href":"https:\/\/api.w.org\/{rel}","templated":true}]}}